{"id":2905,"date":"2020-04-13T12:41:08","date_gmt":"2020-04-13T12:43:46","guid":{"rendered":"http:\/\/ibizaprodj.com\/producto\/yamaha-motif-xf8\/"},"modified":"2020-04-13T12:43:50","modified_gmt":"2020-04-13T12:43:50","slug":"yamaha-motif-xf8","status":"publish","type":"product","link":"https:\/\/ibizaprodj.com\/en\/producto\/yamaha-motif-xf8\/","title":{"rendered":"Yamaha Motif XF8"},"content":{"rendered":"","protected":false},"excerpt":{"rendered":"<p>El MOTIF revitaliza las actuaciones en directo gracias a sus sonidos expresivos y a su control intuitivo. En la creaci\u00f3n musical, el MOTIF no s\u00f3lo aporta sus propias herramientas de creaci\u00f3n musical, sino tambi\u00e9n un sistema para integrar dichas funciones a un sinn\u00famero de aplicaciones de software. En la actualidad, la serie \u201cXF\u201d de \u00faltima generaci\u00f3n disfruta de una larga tradici\u00f3n del MOTIF que se remonta a una d\u00e9cada y su capacidad de expansi\u00f3n a trav\u00e9s de la memoria flash constituye un antes y un despu\u00e9s en el \u00e1mbito de las estaciones de trabajo con teclado, dejando a su vez el list\u00f3n muy alto.<\/p>\n","protected":false},"featured_media":810,"comment_status":"closed","ping_status":"closed","template":"","meta":{"_acf_changed":false,"_joinchat":[]},"product_brand":[],"product_cat":[70],"product_tag":[],"class_list":{"0":"post-2905","1":"product","2":"type-product","3":"status-publish","4":"has-post-thumbnail","6":"product_cat-backline-en","8":"first","9":"instock","10":"taxable","11":"shipping-taxable","12":"purchasable","13":"product-type-simple"},"acf":[],"_links":{"self":[{"href":"https:\/\/ibizaprodj.com\/en\/wp-json\/wp\/v2\/product\/2905","targetHints":{"allow":["GET"]}}],"collection":[{"href":"https:\/\/ibizaprodj.com\/en\/wp-json\/wp\/v2\/product"}],"about":[{"href":"https:\/\/ibizaprodj.com\/en\/wp-json\/wp\/v2\/types\/product"}],"replies":[{"embeddable":true,"href":"https:\/\/ibizaprodj.com\/en\/wp-json\/wp\/v2\/comments?post=2905"}],"wp:featuredmedia":[{"embeddable":true,"href":"https:\/\/ibizaprodj.com\/en\/wp-json\/wp\/v2\/media\/810"}],"wp:attachment":[{"href":"https:\/\/ibizaprodj.com\/en\/wp-json\/wp\/v2\/media?parent=2905"}],"wp:term":[{"taxonomy":"product_brand","embeddable":true,"href":"https:\/\/ibizaprodj.com\/en\/wp-json\/wp\/v2\/product_brand?post=2905"},{"taxonomy":"product_cat","embeddable":true,"href":"https:\/\/ibizaprodj.com\/en\/wp-json\/wp\/v2\/product_cat?post=2905"},{"taxonomy":"product_tag","embeddable":true,"href":"https:\/\/ibizaprodj.com\/en\/wp-json\/wp\/v2\/product_tag?post=2905"}],"curies":[{"name":"wp","href":"https:\/\/api.w.org\/{rel}","templated":true}]}}